{"id":35,"date":"2021-05-07T14:44:24","date_gmt":"2021-05-07T12:44:24","guid":{"rendered":"https:\/\/www.projetsolairedechevenon.fr\/?page_id=35"},"modified":"2024-04-11T09:38:23","modified_gmt":"2024-04-11T07:38:23","slug":"prise-de-rendez-vous","status":"publish","type":"page","link":"https:\/\/www.projetsolairedechevenon.fr\/index.php\/prise-de-rendez-vous\/","title":{"rendered":"Prise de rendez-vous"},"content":{"rendered":"<p>[vc_row overlay_dotted=\u00a0\u00bb\u00a0\u00bb inner_row_width=\u00a0\u00bbwidth_eight\u00a0\u00bb][vc_column][vc_empty_space]<div class=\"obra-section-title section-left-align obra-heading-69fdd2f330cfa .obra-section-title-870\"><h5 class=\"section-subtitle\">UNE DEMARCHE PARTICIPATIVE<\/h5><h2 class=\"section-title\">Co-construire le projet<\/h2><\/div>[vc_empty_space height=\u00a0\u00bb12&Prime;][vc_column_text]<strong>Le projet solaire flottant de Chevenon s\u2019inscrit dans une d\u00e9marche participative de co-construction avec les acteurs du territoire : \u00e9lus, associations, riverains, services de l\u2019\u00e9tat.<\/strong><\/p>\n<p>L\u2019\u00e9quipe projet d\u2019El\u00e9ments organise r\u00e9guli\u00e8rement, tout au long de l\u2019\u00e9tude du projet, des actions de concertation : permanences publiques, ateliers de co-construction, expositions en Mairie, etc\u2026 Les habitants et les usagers de la zone sont invit\u00e9s, s\u2019ils le souhaitent, \u00e0 participer \u00e0 ces \u00e9v\u00e8nements et \u00e0 faire part de leurs observations ou de leurs questions en prenant rendez-vous avec l&rsquo;\u00e9quipe en charge du projet.[\/vc_column_text][vc_empty_space height=\u00a0\u00bb32&Prime;][\/vc_column][\/vc_row]<\/p>\n","protected":false},"excerpt":{"rendered":"[vc_row overlay_dotted=\u00a0\u00bb\u00a0\u00bb inner_row_width=\u00a0\u00bbwidth_eight\u00a0\u00bb][vc_column][vc_empty_space][vc_empty_space height=\u00a0\u00bb12&Prime;][vc_column_text]Le projet solaire flottant de Chevenon s\u2019inscrit dans une d\u00e9marche participative de co-construction avec les acteurs du territoire : \u00e9lus, associations, riverains, services de l\u2019\u00e9tat. L\u2019\u00e9quipe projet d\u2019El\u00e9ments organise r\u00e9guli\u00e8rement, tout au long de l\u2019\u00e9tude du projet, des actions de concertation : permanences publiques, ateliers de co-construction, expositions en Mairie, etc\u2026 Les[&#8230;]","protected":false},"author":2,"featured_media":0,"parent":0,"menu_order":0,"comment_status":"closed","ping_status":"closed","template":"","meta":{"om_disable_all_campaigns":false,"footnotes":""},"class_list":["post-35","page","type-page","status-publish","hentry"],"aioseo_notices":[],"_links":{"self":[{"href":"https:\/\/www.projetsolairedechevenon.fr\/index.php\/wp-json\/wp\/v2\/pages\/35","targetHints":{"allow":["GET"]}}],"collection":[{"href":"https:\/\/www.projetsolairedechevenon.fr\/index.php\/wp-json\/wp\/v2\/pages"}],"about":[{"href":"https:\/\/www.projetsolairedechevenon.fr\/index.php\/wp-json\/wp\/v2\/types\/page"}],"author":[{"embeddable":true,"href":"https:\/\/www.projetsolairedechevenon.fr\/index.php\/wp-json\/wp\/v2\/users\/2"}],"replies":[{"embeddable":true,"href":"https:\/\/www.projetsolairedechevenon.fr\/index.php\/wp-json\/wp\/v2\/comments?post=35"}],"version-history":[{"count":6,"href":"https:\/\/www.projetsolairedechevenon.fr\/index.php\/wp-json\/wp\/v2\/pages\/35\/revisions"}],"predecessor-version":[{"id":259,"href":"https:\/\/www.projetsolairedechevenon.fr\/index.php\/wp-json\/wp\/v2\/pages\/35\/revisions\/259"}],"wp:attachment":[{"href":"https:\/\/www.projetsolairedechevenon.fr\/index.php\/wp-json\/wp\/v2\/media?parent=35"}],"curies":[{"name":"wp","href":"https:\/\/api.w.org\/{rel}","templated":true}]}}