{"id":33,"date":"2021-05-07T14:43:48","date_gmt":"2021-05-07T12:43:48","guid":{"rendered":"https:\/\/www.projetsolairedechevenon.fr\/?page_id=33"},"modified":"2023-09-15T09:19:33","modified_gmt":"2023-09-15T07:19:33","slug":"les-etudes","status":"publish","type":"page","link":"https:\/\/www.projetsolairedechevenon.fr\/index.php\/les-etudes\/","title":{"rendered":"Les \u00e9tudes"},"content":{"rendered":"<p>[vc_row overlay_dotted=\u00a0\u00bb\u00a0\u00bb inner_row_width=\u00a0\u00bbwidth_eight\u00a0\u00bb][vc_column]<div class=\"obra-section-title section-left-align obra-heading-6a01c0d6a7bde obra-section-title-les-etudes\"><h5 class=\"section-subtitle\">ETUDES REGLEMENTAIRES<\/h5><h2 class=\"section-title\">01. Les enjeux pour le territoire<\/h2><\/div>[vc_column_text]Tous les projets solaires d&rsquo;une puissance \u00e9gale ou sup\u00e9rieure \u00e0 250kW sont soumis \u00e0 autorisation environnementale, conform\u00e9ment au Code de l&rsquo;Environnement. Le dossier de demande d\u2019autorisation doit ainsi comprendre une \u00e9tude d\u2019impacts.<span class=\"Apple-converted-space\">\u00a0<\/span><\/p>\n<p>Toutes les \u00e9tudes r\u00e9glementaires <strong>ont \u00e9t\u00e9 men\u00e9es par des experts<\/strong> ind\u00e9pendants \u00e0 l\u2019\u00e9chelle du p\u00e9rim\u00e8tre de la zone de projet. <strong>Les conclusions de ces \u00e9tudes ont clairement d\u00e9montr\u00e9 la compatibilit\u00e9 du projet solaire flottant avec la zone pr\u00e9vue pour son implantation.<\/strong>[\/vc_column_text][vc_empty_space height=\u00a0\u00bb26px\u00a0\u00bb][vc_column_text]\n<table id=\"tablepress-1\" class=\"tablepress tablepress-id-1\">\n<tbody>\n<tr class=\"row-1\">\n\t<td class=\"column-1\"><img decoding=\"async\" src=\"https:\/\/www.projetsolairedechevenon.fr\/wp-content\/uploads\/2021\/05\/elements-150x63.jpeg\" alt=\"\" width=\"150\" height=\"63\" class=\"alignnone size-thumbnail wp-image-169\" \/><\/td><td class=\"column-2\">El\u00e9ments \u2013 Soci\u00e9t\u00e9 M\u00e8re (Ma\u00eetre d\u2019ouvrage)<br \/>\nM. DESPLANQUES Loann, chef de projets photovolta\u00efques ;<br \/>\n<\/td>\n<\/tr>\n<tr class=\"row-2\">\n\t<td class=\"column-1\"><img decoding=\"async\" src=\"https:\/\/www.projetsolairedechevenon.fr\/wp-content\/uploads\/2021\/05\/geo-150x63.jpeg\" alt=\"\" width=\"150\" height=\"63\" class=\"alignnone size-thumbnail wp-image-171\" \/><\/td><td class=\"column-2\">G\u00e9o Plus Environnement \u2013 Ecologie terrestre principale <\/td>\n<\/tr>\n<tr class=\"row-3\">\n\t<td class=\"column-1\"><img decoding=\"async\" src=\"https:\/\/www.projetsolairedechevenon.fr\/wp-content\/uploads\/2021\/05\/geo-150x63.jpeg\" alt=\"\" width=\"150\" height=\"63\" class=\"alignnone size-thumbnail wp-image-171\" \/><\/td><td class=\"column-2\">Naturalia Environnement \u2013 Ecologie terrestre secondaire<\/td>\n<\/tr>\n<tr class=\"row-4\">\n\t<td class=\"column-1\"><img decoding=\"async\" src=\"https:\/\/www.projetsolairedechevenon.fr\/wp-content\/uploads\/2021\/05\/aquabio-150x63.jpeg\" alt=\"\" width=\"150\" height=\"63\" class=\"alignnone size-thumbnail wp-image-167\" \/><\/td><td class=\"column-2\">AQUABIO \u2013 Ecologie aquatique principale<\/td>\n<\/tr>\n<tr class=\"row-5\">\n\t<td class=\"column-1\"><img loading=\"lazy\" decoding=\"async\" src=\"https:\/\/www.projetsolairedechevenon.fr\/wp-content\/uploads\/2021\/05\/equiom-150x63.jpeg\" alt=\"\" width=\"150\" height=\"63\" class=\"alignnone size-thumbnail wp-image-170\" \/><\/td><td class=\"column-2\">EQIOM Granulats \u2013 Exploitant du site<\/td>\n<\/tr>\n<tr class=\"row-6\">\n\t<td class=\"column-1\"><img loading=\"lazy\" decoding=\"async\" src=\"https:\/\/www.projetsolairedechevenon.fr\/wp-content\/uploads\/2021\/05\/hydretude-150x63.jpeg\" alt=\"\" width=\"150\" height=\"63\" class=\"alignnone size-thumbnail wp-image-172\" \/><\/td><td class=\"column-2\">HYDRETUDES \u2013 Bureau d\u2019\u00e9tudes hydrauliques<\/td>\n<\/tr>\n<tr class=\"row-7\">\n\t<td class=\"column-1\"><img loading=\"lazy\" decoding=\"async\" src=\"https:\/\/www.projetsolairedechevenon.fr\/wp-content\/uploads\/2021\/05\/CieletTerre-150x63.jpeg\" alt=\"\" width=\"150\" height=\"63\" class=\"alignnone size-thumbnail wp-image-168\" \/><\/td><td class=\"column-2\">CIEL & TERRE \u2013 Bureau d\u2019\u00e9tudes de structures solution HYDRELIO \u00a9<\/td>\n<\/tr>\n<tr class=\"row-8\">\n\t<td class=\"column-1\"><img loading=\"lazy\" decoding=\"async\" src=\"https:\/\/www.projetsolairedechevenon.fr\/wp-content\/uploads\/2021\/05\/akuo-150x63.jpeg\" alt=\"\" width=\"150\" height=\"63\" class=\"alignnone size-thumbnail wp-image-166\" \/><\/td><td class=\"column-2\">AKUO Industry - Distributeur France HYDRELIO \u2013 Technical Advisor<\/td>\n<\/tr>\n<\/tbody>\n<\/table>\n<!-- #tablepress-1 from cache -->[\/vc_column_text][vc_empty_space][\/vc_column][\/vc_row][vc_row overlay_dotted=\u00a0\u00bb\u00a0\u00bb inner_row_width=\u00a0\u00bbwidth_eight\u00a0\u00bb][vc_column]<div class=\"obra-section-title section-left-align obra-heading-6a01c0d6a814d obra-section-title-les-etudes\"><h5 class=\"section-subtitle\">ETUDE DES RISQUES<\/h5><h2 class=\"section-title\">02. Les enjeux principaux \u00e0 prendre en compte<\/h2><\/div>[vc_column_text]Le projet se situe sur des lacs cr\u00e9es artificiellement suite \u00e0 l&rsquo;extraction de graviers. Aux abords de la Loire, le site est soumis \u00e0 des risques naturels d&rsquo;inondations.<\/p>\n<p>L\u2019\u00e9tude men\u00e9e par le bureau d\u2019\u00e9tudes ind\u00e9pendant Hydr\u00e9tudes <strong>a permis de d\u00e9terminer les zones inondables du secteur, ainsi que les risques associ\u00e9s. I<\/strong>l ressort que l&#8217;emprise du projet se situe en dehors de l&rsquo;espace de mobilit\u00e9 fonctionnel de la Loire, la pr\u00e9sence de l&rsquo;installation n&rsquo;aggrave pas le risque d&rsquo;inondation et n&rsquo;a pas de cons\u00e9quence n\u00e9gative sur les zones de grand \u00e9coulement des crues (\u00e0 savoir les zone de vitesse \u00e9lev\u00e9e).<\/p>\n<p>Des \u00e9tudes d&rsquo;ancrage pr\u00e9liminaire ont aussi \u00e9t\u00e9 r\u00e9alis\u00e9 afin de garantir que l&rsquo;installation <strong> r\u00e9sistera \u00e0 une inondation de type PHEC <\/strong>, ainsi que pour \u00e9viter tout arrachement d&rsquo;une partie des composants en cas de crue.[\/vc_column_text][vc_message message_box_color=\u00a0\u00bbwhite\u00a0\u00bb icon_fontawesome=\u00a0\u00bbfar fa-file-pdf\u00a0\u00bb el_class=\u00a0\u00bbmessages-box-liens\u00a0\u00bb]<a href=\"https:\/\/www.projetsolairedechevenon.fr\/wp-content\/uploads\/2023\/09\/CHEV2_02_CERFA-13409_PLANS_PC1-13_2022_NOTICE.pdf\" target=\"_blank\" rel=\"noopener\">T\u00e9l\u00e9charger la \u00ab\u00a0Notice descriptive du projet de Chevenon \u00bb<\/a>[\/vc_message][vc_empty_space height=\u00a0\u00bb16px\u00a0\u00bb][\/vc_column][\/vc_row][vc_row overlay_dotted=\u00a0\u00bb\u00a0\u00bb inner_row_width=\u00a0\u00bbwidth_eight\u00a0\u00bb][vc_column]<div class=\"obra-section-title section-left-align obra-heading-6a01c0d6a815f obra-section-title-les-etudes\"><h5 class=\"section-subtitle\">UN PROJET RESPECTUEUX DES RIVERAINS<\/h5><h2 class=\"section-title\">03. Le milieu humain<\/h2><\/div>[vc_column_text]Afin de garantir\u00a0<strong>un projet respectueux des riverains<\/strong>, l\u2019insertion du parc dans l\u2019environnement humain sera particuli\u00e8rement \u00e9tudi\u00e9e. Ainsi, des \u00e9tudes sp\u00e9cifiques \u00e0 l\u2019urbanisme, les effets optiques (miroitements), et les sensibilit\u00e9s potentielles vis-\u00e0-vis des riverains ont \u00e9t\u00e9 r\u00e9alis\u00e9es.<\/p>\n<p>Situ\u00e9 au nord de la commune de Chevenon, loin de toutes habitations, les \u00e9tudes ont montr\u00e9 que<strong> ces impacts sont n\u00e9gligeables.<\/strong>[\/vc_column_text][vc_empty_space height=\u00a0\u00bb16px\u00a0\u00bb][\/vc_column][\/vc_row][vc_row overlay_dotted=\u00a0\u00bb\u00a0\u00bb inner_row_width=\u00a0\u00bbwidth_eight\u00a0\u00bb][vc_column]<div class=\"obra-section-title section-left-align obra-heading-6a01c0d6a816c obra-section-title-les-etudes\"><h5 class=\"section-subtitle\">ETUDE ENVIRONNEMENTALE<\/h5><h2 class=\"section-title\">04. Les enjeux environnementaux<\/h2><\/div>[vc_column_text]Conform\u00e9ment au Code de l\u2019Environnement,\u00a0des \u00e9tudes environnementales ont \u00e9t\u00e9 r\u00e9alis\u00e9es sur l\u2019ensemble de l\u2019aire d\u2019\u00e9tude\u00a0pour une dur\u00e9e d\u2019une ann\u00e9e \u2013 afin de suivre un cycle \u00e9cologique complet.\u00a0<strong>Encadr\u00e9es par les services de l\u2019\u00c9tat, ces \u00e9tudes permettent d\u2019analyser localement les enjeux \u00e9cologiques<\/strong>\u00a0: les habitats naturels, la flore, la faune (avifaune, chiropt\u00e8res, reptiles, amphibiens, mammif\u00e8res).<\/p>\n<p><strong>Les diff\u00e9rents enjeux environnementaux seront trait\u00e9s en priorit\u00e9 \u00e0 travers des mesures d&rsquo;\u00e9vitement et de compensations, conform\u00e9ment au Code de l&rsquo;Environnement.<\/strong>[\/vc_column_text][vc_empty_space height=\u00a0\u00bb16px\u00a0\u00bb][\/vc_column][\/vc_row][vc_row overlay_dotted=\u00a0\u00bb\u00a0\u00bb inner_row_width=\u00a0\u00bbwidth_eight\u00a0\u00bb][vc_column]<div class=\"obra-section-title section-left-align obra-heading-6a01c0d6a8176 obra-section-title-les-etudes\"><h5 class=\"section-subtitle\">PRINCIPE DE MOINDRES IMPACTS<\/h5><h2 class=\"section-title\">05. Conception du projet<\/h2><\/div>[vc_column_text]Concernant les zones retenues pour la position des panneaux photovolta\u00efques, un r\u00e9el travail it\u00e9ratif a \u00e9t\u00e9 men\u00e9. Il a consist\u00e9 en la :<\/p>\n<p><ul class=\"unordered-list  obra-education-6a01c0d6a8180\"><br \/>\n<li><strong>Prise en compte de la singularit\u00e9 des berges<\/strong> en tant qu\u2019espaces de transition entre les milieux terrestres et aquatiques; Respect d\u2019une distance minimale d\u2019approche de 20 m\u00e8tres au niveau de tout point du plan d\u2019eau;<\/li><li><strong>Principe de robustesse des ancrages des diff\u00e9rents ilots<\/strong> par la mise en place de formes de flotteurs simples du type \u00ab carr\u00e9 \u00bbou \u00ab rectangle \u00bb afin d\u2019admettre des conditions de r\u00e9sistance admissibles au regard de l\u2019enjeu inondation fort sur le site;<\/li><li><strong>Principe de transparence hydraulique du projet<\/strong> avec le respect d\u2019un certain taux de couverture des structures flottantes et des panneaux pour la p\u00e9n\u00e9tration de la lumi\u00e8re dans les bassins ainsi que la prise en compte des sensibilit\u00e9s sur les milieux faune et flore aquatiques;<\/li><br \/>\n<li><strong>Principe d\u2019\u00e9vitement des zones de grandes vitesses :<\/strong> avec le respect d\u2019un certain \u00e9cart par rapport aux structures sur les positions des structures flottantes, notamment par rapport aux parties Nord des plans d\u2019eau;<\/li><li><strong>Prise en compte des sensibilit\u00e9s techniques et environnementales pour la position des plages de mise en eau<\/strong> des flotteurs photovolta\u00efques, surfaces r\u00e9serv\u00e9es \u00e0 l\u2019assemblage des structures flottantes et des panneaux photovolta\u00efques sur les berges limitation de la surface de mise en eau et des secteurs de moindre sensibilit\u00e9 environnementale;<\/li><li><strong>Prise en compte des sensibilit\u00e9s techniques et environnementales pour le positionnement des postes techniques<\/strong> sur les berges; limitation de la surface de mise en eau et des secteurs de moindre sensibilit\u00e9 environnementale;<\/li><br \/>\n<\/ul>[\/vc_column_text][vc_message message_box_color=\u00a0\u00bbwhite\u00a0\u00bb icon_fontawesome=\u00a0\u00bbfar fa-file-pdf\u00a0\u00bb el_class=\u00a0\u00bbmessages-box-liens\u00a0\u00bb]<a href=\"https:\/\/www.projetsolairedechevenon.fr\/wp-content\/uploads\/2023\/09\/CHEV2_02_CERFA-13409_PLANS_PC1-13_2022_PC2-3.pdf\" target=\"_blank\" rel=\"noopener\">T\u00e9l\u00e9charger le plan d\u2019implantation du projet<\/a>[\/vc_message][vc_empty_space height=\u00a0\u00bb16px\u00a0\u00bb][\/vc_column][\/vc_row]<\/p>\n","protected":false},"excerpt":{"rendered":"[vc_row overlay_dotted=\u00a0\u00bb\u00a0\u00bb inner_row_width=\u00a0\u00bbwidth_eight\u00a0\u00bb][vc_column][vc_column_text]Tous les projets solaires d&rsquo;une puissance \u00e9gale ou sup\u00e9rieure \u00e0 250kW sont soumis \u00e0 autorisation environnementale, conform\u00e9ment au Code de l&rsquo;Environnement. Le dossier de demande d\u2019autorisation doit ainsi comprendre une \u00e9tude d\u2019impacts.\u00a0 Toutes les \u00e9tudes r\u00e9glementaires ont \u00e9t\u00e9 men\u00e9es par des experts ind\u00e9pendants \u00e0 l\u2019\u00e9chelle du p\u00e9rim\u00e8tre de la zone de projet. Les[&#8230;]","protected":false},"author":2,"featured_media":0,"parent":0,"menu_order":0,"comment_status":"closed","ping_status":"closed","template":"","meta":{"om_disable_all_campaigns":false,"footnotes":""},"class_list":["post-33","page","type-page","status-publish","hentry"],"aioseo_notices":[],"_links":{"self":[{"href":"https:\/\/www.projetsolairedechevenon.fr\/index.php\/wp-json\/wp\/v2\/pages\/33","targetHints":{"allow":["GET"]}}],"collection":[{"href":"https:\/\/www.projetsolairedechevenon.fr\/index.php\/wp-json\/wp\/v2\/pages"}],"about":[{"href":"https:\/\/www.projetsolairedechevenon.fr\/index.php\/wp-json\/wp\/v2\/types\/page"}],"author":[{"embeddable":true,"href":"https:\/\/www.projetsolairedechevenon.fr\/index.php\/wp-json\/wp\/v2\/users\/2"}],"replies":[{"embeddable":true,"href":"https:\/\/www.projetsolairedechevenon.fr\/index.php\/wp-json\/wp\/v2\/comments?post=33"}],"version-history":[{"count":15,"href":"https:\/\/www.projetsolairedechevenon.fr\/index.php\/wp-json\/wp\/v2\/pages\/33\/revisions"}],"predecessor-version":[{"id":257,"href":"https:\/\/www.projetsolairedechevenon.fr\/index.php\/wp-json\/wp\/v2\/pages\/33\/revisions\/257"}],"wp:attachment":[{"href":"https:\/\/www.projetsolairedechevenon.fr\/index.php\/wp-json\/wp\/v2\/media?parent=33"}],"curies":[{"name":"wp","href":"https:\/\/api.w.org\/{rel}","templated":true}]}}