{"id":31,"date":"2021-05-07T14:43:21","date_gmt":"2021-05-07T12:43:21","guid":{"rendered":"https:\/\/www.projetsolairedechevenon.fr\/?page_id=31"},"modified":"2021-05-19T17:25:56","modified_gmt":"2021-05-19T15:25:56","slug":"le-solaire-flottant","status":"publish","type":"page","link":"https:\/\/www.projetsolairedechevenon.fr\/index.php\/le-solaire-flottant\/","title":{"rendered":"Le solaire flottant"},"content":{"rendered":"<p>[vc_row overlay_dotted=\u00a0\u00bb\u00a0\u00bb inner_row_width=\u00a0\u00bbwidth_nine\u00a0\u00bb][vc_column][vc_empty_space height=\u00a0\u00bb30px\u00a0\u00bb][vc_custom_heading text=\u00a0\u00bbLe solaire flottant\u00a0\u00bb font_container=\u00a0\u00bbtag:h2|font_size:30|text_align:left\u00a0\u00bb google_fonts=\u00a0\u00bbfont_family:Quicksand%3A300%2Cregular%2C700|font_style:400%20regular%3A400%3Anormal\u00a0\u00bb][vc_empty_space height=\u00a0\u00bb10px\u00a0\u00bb][vc_tta_accordion style=\u00a0\u00bbflat\u00a0\u00bb color=\u00a0\u00bbwhite\u00a0\u00bb c_icon=\u00a0\u00bbchevron\u00a0\u00bb active_section=\u00a0\u00bb1&Prime;][vc_tta_section title=\u00a0\u00bbQu\u2019est-ce que le solaire flottant ?\u00a0\u00bb tab_id=\u00a0\u00bb1619791048089-8404124f-4f33&Prime;][vc_column_text]Le solaire flottant est un nouveau type d\u2019installation photovolta\u00efque. Au lieu d\u2019installer les panneaux solaires sur le sol, l\u2019installation s\u2019effectue sur une \u00e9tendue d\u2019eau inutilis\u00e9e. Pour le projet de Chevenon, l\u2019\u00e9tendue d\u2019eau correspond \u00e0 un site d\u2019extraction de sable et de graviers. La centrale est donc compos\u00e9e de panneaux photovolta\u00efques classiques install\u00e9s sur des flotteurs, eux m\u00eame ancr\u00e9s au fond du plan d\u2019eau et\/ou sur ses berges.[\/vc_column_text][\/vc_tta_section][vc_tta_section title=\u00a0\u00bbQuels sont les \u00e9l\u00e9ments d\u2019une centrale photovolta\u00efque flottante ?\u00a0\u00bb tab_id=\u00a0\u00bb1619791048104-4b067f74-7dc9&Prime;][vc_column_text]Plusieurs cha\u00eenes de panneaux photovolta\u00efques sont mises en s\u00e9rie entre eux et se regroupent dans des boites de jonction. Chacune des bo\u00eetes de jonction est reli\u00e9e aux onduleurs photovolta\u00efques, organes qui permettent de passer d\u2019un courant direct \u00e0 un courant alternatif. Ces onduleurs photovolta\u00efques peuvent \u00eatre dits centraux (des onduleurs de grande capacit\u00e9 et de grande dimension) ou d\u00e9centralis\u00e9s (plusieurs petits onduleurs qui peuvent \u00eatre fix\u00e9s en bout de table). Ensuite, le courant alternatif est rehauss\u00e9 par un ou plusieurs transformateurs \u00e9lectriques (qui rehaussent la tension \u00e0 20 kV). Finalement, un poste de livraison est mis en place et permet l\u2019injection de l&rsquo;\u00e9nergie produite sur le circuit de distribution. Diff\u00e9rents \u00e9l\u00e9ments de la centrale sont \u00e9galement mis en place. Il s\u2019agit de la cl\u00f4ture, des pistes d\u2019acc\u00e8s et du dispositif de s\u00e9curit\u00e9.[\/vc_column_text][vc_single_image image=\u00a0\u00bb82&Prime; img_size=\u00a0\u00bbfull\u00a0\u00bb][\/vc_tta_section][vc_tta_section title=\u00a0\u00bbQuelle est la diff\u00e9rence avec une centrale photovolta\u00efque au sol ?\u00a0\u00bb tab_id=\u00a0\u00bb1619791078702-4b58b461-a934&Prime;][vc_column_text]La solution photovolta\u00efque flottante est similaire sur bien des aspects \u00e0 l\u2019implantation d\u2019une centrale photovolta\u00efque au sol. Dans les deux cas, le soleil permet aux panneaux photovolta\u00efques de produire un courant direct, en fonction de l\u2019irradiation de ce dernier. La centrale est toujours compos\u00e9e de plusieurs cha\u00eenes de panneaux photovolta\u00efques, d\u2019onduleurs, de transformateurs, \u2026 qui sont install\u00e9s sur des flotteurs.[\/vc_column_text][\/vc_tta_section][vc_tta_section title=\u00a0\u00bbQuels sont les avantages d\u2019une installation photovolta\u00efque flottante ?\u00a0\u00bb tab_id=\u00a0\u00bb1619791081971-47acad04-c7f9&Prime;][vc_column_text]Aujourd\u2019hui, le principal frein \u00e0 la fili\u00e8re photovolta\u00efque est le manque de terrains exploitables. Le solaire flottant peut facilement trouver sa place dans des zones modifi\u00e9es par l\u2019homme mais qui sont aujourd\u2019hui inutilis\u00e9es (lac de carri\u00e8re, retenue de barrage, \u2026). Ainsi cette technologie d\u00e9bloque de nouveaux espaces pouvant accueillir des \u00e9nergies renouvelables sans conflit avec d\u2019autres usages, notamment agricoles. Selon une \u00e9tude de la Banque Mondiale, le potentiel d\u2019installation de parcs solaires flottants dans le monde correspondrait \u00e0 400 GW, une puissance non-n\u00e9gligeable.[\/vc_column_text][\/vc_tta_section][vc_tta_section title=\u00a0\u00bbL\u2019\u00e9lectricit\u00e9 solaire marche que quand il fait beau et chaud.\u00a0\u00bb tab_id=\u00a0\u00bb1619791083365-26046585-b779&Prime;][vc_column_text]Faux\u00a0! Une installation photovolta\u00efque fonctionne en toute saison, tant qu\u2019elle re\u00e7oit de la lumi\u00e8re, elle produit de l\u2019\u00e9lectricit\u00e9. La production d\u2019\u00e9lectricit\u00e9 par l\u2019installation d\u00e9pend de l\u2019\u00e9nergie lumineuse, par cons\u00e9quent les panneaux solaires produisent aussi en cas de pluie ou de ciel nuageux. La production d\u2019\u00e9nergie \u00e9lectrique sera juste moins \u00e9lev\u00e9e qu\u2019au soleil.[\/vc_column_text][\/vc_tta_section][vc_tta_section title=\u00a0\u00bbLes panneaux solaires sont-ils recyclables ?\u00a0\u00bb tab_id=\u00a0\u00bb1619791084319-ad9d8c95-f8b9&Prime;][vc_column_text]La dur\u00e9e de vie d\u2019une installation photovolta\u00efque est de minimum 30 ans. En effet, au bout de 25 ans, un panneau disposera toujours de 80% de sa puissance initiale, et peut donc toujours produire de l\u2019\u00e9nergie \u00e9lectrique. Apr\u00e8s 30 ans de fonctionnement, les mat\u00e9riaux et l\u2019\u00e9nergie utilis\u00e9s pour les industrialiser ne seront pas perdus. Les modules PV seront recycl\u00e9s par une entreprise asserment\u00e9e pour le type de technologie pr\u00e9sent au sein du panneau. Aujourd\u2019hui le taux de recyclage atteint jusqu\u2019\u00e0 97 %. El\u00e9ments travaille en relation avec l\u2019association PV Cycle, le premier recycleur de panneaux photovolta\u00efque en France.[\/vc_column_text][\/vc_tta_section][\/vc_tta_accordion][\/vc_column][\/vc_row][vc_row overlay_dotted=\u00a0\u00bb\u00a0\u00bb inner_row_width=\u00a0\u00bbwidth_nine\u00a0\u00bb][vc_column][vc_empty_space height=\u00a0\u00bb30px\u00a0\u00bb][vc_custom_heading text=\u00a0\u00bbComprendre le photovolta\u00efque et les ENR\u00a0\u00bb font_container=\u00a0\u00bbtag:h2|font_size:30|text_align:left\u00a0\u00bb google_fonts=\u00a0\u00bbfont_family:Quicksand%3A300%2Cregular%2C700|font_style:400%20regular%3A400%3Anormal\u00a0\u00bb][vc_column_text]<a href=\"https:\/\/www.ademe.fr\/sites\/default\/files\/assets\/documents\/guide-pratique-electricite-solaire.pdf\" target=\"_blank\" rel=\"noopener\"><strong>\u2022<\/strong> L&rsquo;\u00e9lectricit\u00e9 solaire | ademe.fr<\/a><br \/>\n<a href=\"https:\/\/www.rte-france.com\/fr\/eco2mix\/eco2mix\" target=\"_blank\" rel=\"noopener\"><strong>\u2022<\/strong> Donn\u00e9es r\u00e9gionales et nationales | rte-france.com<\/a><br \/>\n<a href=\"https:\/\/www.connaissancedesenergies.org\" target=\"_blank\" rel=\"noopener\"><strong>\u2022<\/strong> Connaissance des \u00e9nergies | connaissancedesenergies.org<\/a><br \/>\n<a href=\"http:\/\/www.energies-renouvelables.org\/accueil-observ-er.asp\" target=\"_blank\" rel=\"noopener\"><strong>\u2022<\/strong> Observatoire des ENR | energies-renouvelables.org<\/a>[\/vc_column_text][\/vc_column][\/vc_row]<\/p>\n","protected":false},"excerpt":{"rendered":"[vc_row overlay_dotted=\u00a0\u00bb\u00a0\u00bb inner_row_width=\u00a0\u00bbwidth_nine\u00a0\u00bb][vc_column][vc_empty_space height=\u00a0\u00bb30px\u00a0\u00bb][vc_custom_heading text=\u00a0\u00bbLe solaire flottant\u00a0\u00bb font_container=\u00a0\u00bbtag:h2|font_size:30|text_align:left\u00a0\u00bb google_fonts=\u00a0\u00bbfont_family:Quicksand%3A300%2Cregular%2C700|font_style:400%20regular%3A400%3Anormal\u00a0\u00bb][vc_empty_space height=\u00a0\u00bb10px\u00a0\u00bb][vc_tta_accordion style=\u00a0\u00bbflat\u00a0\u00bb color=\u00a0\u00bbwhite\u00a0\u00bb c_icon=\u00a0\u00bbchevron\u00a0\u00bb active_section=\u00a0\u00bb1&Prime;][vc_tta_section title=\u00a0\u00bbQu\u2019est-ce que le solaire flottant ?\u00a0\u00bb tab_id=\u00a0\u00bb1619791048089-8404124f-4f33&Prime;][vc_column_text]Le solaire flottant est un nouveau type d\u2019installation photovolta\u00efque. Au lieu d\u2019installer les panneaux solaires sur le sol, l\u2019installation s\u2019effectue sur une \u00e9tendue d\u2019eau inutilis\u00e9e. Pour le projet de Chevenon, l\u2019\u00e9tendue d\u2019eau correspond \u00e0 un[&#8230;]","protected":false},"author":2,"featured_media":0,"parent":0,"menu_order":0,"comment_status":"closed","ping_status":"closed","template":"","meta":{"om_disable_all_campaigns":false,"footnotes":""},"class_list":["post-31","page","type-page","status-publish","hentry"],"aioseo_notices":[],"_links":{"self":[{"href":"https:\/\/www.projetsolairedechevenon.fr\/index.php\/wp-json\/wp\/v2\/pages\/31","targetHints":{"allow":["GET"]}}],"collection":[{"href":"https:\/\/www.projetsolairedechevenon.fr\/index.php\/wp-json\/wp\/v2\/pages"}],"about":[{"href":"https:\/\/www.projetsolairedechevenon.fr\/index.php\/wp-json\/wp\/v2\/types\/page"}],"author":[{"embeddable":true,"href":"https:\/\/www.projetsolairedechevenon.fr\/index.php\/wp-json\/wp\/v2\/users\/2"}],"replies":[{"embeddable":true,"href":"https:\/\/www.projetsolairedechevenon.fr\/index.php\/wp-json\/wp\/v2\/comments?post=31"}],"version-history":[{"count":6,"href":"https:\/\/www.projetsolairedechevenon.fr\/index.php\/wp-json\/wp\/v2\/pages\/31\/revisions"}],"predecessor-version":[{"id":83,"href":"https:\/\/www.projetsolairedechevenon.fr\/index.php\/wp-json\/wp\/v2\/pages\/31\/revisions\/83"}],"wp:attachment":[{"href":"https:\/\/www.projetsolairedechevenon.fr\/index.php\/wp-json\/wp\/v2\/media?parent=31"}],"curies":[{"name":"wp","href":"https:\/\/api.w.org\/{rel}","templated":true}]}}