{"id":29,"date":"2021-05-07T14:42:50","date_gmt":"2021-05-07T12:42:50","guid":{"rendered":"https:\/\/www.projetsolairedechevenon.fr\/?page_id=29"},"modified":"2021-05-20T10:56:01","modified_gmt":"2021-05-20T08:56:01","slug":"le-projet","status":"publish","type":"page","link":"https:\/\/www.projetsolairedechevenon.fr\/index.php\/le-projet\/","title":{"rendered":"Le projet"},"content":{"rendered":"<p>[vc_row overlay_dotted=\u00a0\u00bb\u00a0\u00bb inner_row_width=\u00a0\u00bbwidth_ten\u00a0\u00bb][vc_column][vc_custom_heading text=\u00a0\u00bbLe projet de parc photovolta\u00efque flottant de Chevenon\u00a0\u00bb font_container=\u00a0\u00bbtag:h3|font_size:35|text_align:left|color:%23444444&Prime; use_theme_fonts=\u00a0\u00bbyes\u00a0\u00bb css=\u00a0\u00bb.vc_custom_1617718700321{padding-top: 50px !important;}\u00a0\u00bb][vc_column_text css=\u00a0\u00bb.vc_custom_1618322659759{margin-bottom: 0px !important;}\u00a0\u00bb]<\/p>\n<blockquote><p>En d\u00e9veloppement depuis fin 2019 par la soci\u00e9t\u00e9 El\u00e9ments, le permis de construire du projet solaire flottant de Chevenon a \u00e9t\u00e9 remis en mairie le 15 Janvier 2021. Une version compl\u00e9mentaire a \u00e9t\u00e9 d\u00e9pos\u00e9e en Mars 2021, elle est actuellement en phase d\u2019instruction.<\/p><\/blockquote>\n<p>[\/vc_column_text][vc_empty_space height=\u00a0\u00bb40px\u00a0\u00bb][\/vc_column][\/vc_row][vc_row overlay_dotted=\u00a0\u00bb\u00a0\u00bb inner_row_width=\u00a0\u00bbwidth_ten\u00a0\u00bb][vc_column width=\u00a0\u00bb1\/2&Prime; text_alignment=\u00a0\u00bbtext-center\u00a0\u00bb css=\u00a0\u00bb.vc_custom_1547132283779{margin-bottom: 0px !important;padding-bottom: 0px !important;}\u00a0\u00bb][vc_single_image image=\u00a0\u00bb92&Prime; img_size=\u00a0\u00bbfull\u00a0\u00bb onclick=\u00a0\u00bbcustom_link\u00a0\u00bb link=\u00a0\u00bbhttps:\/\/www.projetsolairedechevenon.fr\/wp-content\/uploads\/2021\/05\/20200624_Chevenon_ZP_v2-scaled-1.jpg\u00a0\u00bb][\/vc_column][vc_column width=\u00a0\u00bb1\/2&Prime;][vc_single_image image=\u00a0\u00bb93&Prime; img_size=\u00a0\u00bbfull\u00a0\u00bb onclick=\u00a0\u00bbcustom_link\u00a0\u00bb link=\u00a0\u00bbhttps:\/\/www.projetsolairedechevenon.fr\/wp-content\/uploads\/2021\/05\/20201124_CHEV_PC1_ign-scaled-1.jpg\u00a0\u00bb][\/vc_column][\/vc_row][vc_row overlay_dotted=\u00a0\u00bb\u00a0\u00bb inner_row_width=\u00a0\u00bbwidth_ten\u00a0\u00bb][vc_column text_alignment=\u00a0\u00bbtext-center\u00a0\u00bb css=\u00a0\u00bb.vc_custom_1547132283779{margin-bottom: 0px !important;padding-bottom: 0px !important;}\u00a0\u00bb][vc_column_text css=\u00a0\u00bb.vc_custom_1618322762247{margin-top: 0px !important;margin-bottom: 0px !important;padding-top: 0px !important;padding-bottom: 0px !important;}\u00a0\u00bb]<\/p>\n<p class=\"legende-photo\" style=\"text-align: center;\">Ci-dessus : la zone d&rsquo;\u00e9tude du projet solaire flottant, cliquez sur l&rsquo;image pour zoomer et afficher la l\u00e9gende.<\/p>\n<p>[\/vc_column_text][\/vc_column][\/vc_row][vc_row overlay_dotted=\u00a0\u00bb\u00a0\u00bb inner_row_width=\u00a0\u00bbwidth_ten\u00a0\u00bb][vc_column][vc_empty_space height=\u00a0\u00bb20px\u00a0\u00bb][vc_column_text css=\u00a0\u00bb.vc_custom_1618323492162{margin-top: 0px !important;margin-bottom: 0px !important;padding-top: 0px !important;padding-bottom: 0px !important;}\u00a0\u00bb]<\/p>\n<p style=\"text-align: left;\">El\u00e9ments a mod\u00e9lis\u00e9 de nombreuses contraintes \u00e0 l\u2019\u00e9chelle du d\u00e9partement de la Ni\u00e8vre : le potentiel solaire, la surface des sites, la distance de raccordement, les contraintes environnementales et paysag\u00e8res, les zones inondables, &#8230; Cette d\u00e9marche a conduit \u00e0 l\u2019indentification de plusieurs secteurs potentiels qui ont ensuite \u00e9t\u00e9 compar\u00e9s selon leurs avantages et inconv\u00e9nients.<\/p>\n<p>Le site de <strong>Chevenon<\/strong> a \u00e9t\u00e9 retenu comme \u00e9tant favorable au d\u00e9veloppement d\u2019un projet solaire <strong>flottant<\/strong>, en raison notamment de :[\/vc_column_text][vc_column_text css=\u00a0\u00bb.vc_custom_1620560991453{margin-top: 0px !important;margin-bottom: 0px !important;padding-top: 0px !important;padding-bottom: 0px !important;}\u00a0\u00bb]<ul class=\"unordered-list  obra-education-69fde029206c8\"><li><\/li><li><\/li><li><strong><strong>Une surface importante, incompatible avec des activit\u00e9s agricoles, foresti\u00e8res et de loisirs<\/strong><\/strong><\/li><\/ul>[\/vc_column_text][vc_column_text css=\u00a0\u00bb.vc_custom_1618325811285{margin-bottom: 0px !important;}\u00a0\u00bb]Le projet de Chevenon s\u2019inscrit physiquement<strong> entre la Loire et le canal lat\u00e9ral \u00e0 la Loire, au Nord de Chevenon, sur la Communaut\u00e9 de communes Loire et Allier, dans le d\u00e9partement de la Ni\u00e8vre, en r\u00e9gion Bourgogne-Franche-Comt\u00e9.<br \/>\n<\/strong><\/p>\n<p>Le projet s&rsquo;\u00e9tendra sur <strong>3 plan d&rsquo;eau de carri\u00e8re<\/strong> (dont 2 ont d\u00e9j\u00e0 \u00e9t\u00e9 exploit\u00e9) et se d\u00e9coupera en <strong>2 phases, <\/strong>pour une dur\u00e9e d&rsquo;exploitation de 30 ans :[\/vc_column_text][vc_column_text css=\u00a0\u00bb.vc_custom_1620561464750{margin-top: 0px !important;margin-bottom: 0px !important;padding-top: 0px !important;padding-bottom: 0px !important;}\u00a0\u00bb]<ul class=\"unordered-list  obra-education-69fde0292073d\"><li><strong>Phase de construction 1 :<\/strong> 2022 (dur\u00e9e 6 mois), installation des \u00eelots flottants 1, 2, 4 et 5<\/li><li><strong>Phase de construction 2 :<\/strong> 2024 (dur\u00e9e 6 mois), installation de l'\u00eelot flottant 3<\/li><\/ul>[\/vc_column_text][\/vc_column][\/vc_row][vc_row overlay_dotted=\u00a0\u00bb\u00a0\u00bb inner_row_width=\u00a0\u00bbwidth_ten\u00a0\u00bb][vc_column][vc_custom_heading text=\u00a0\u00bbLes caract\u00e9ristiques du projet solaire flottant\u00a0\u00bb font_container=\u00a0\u00bbtag:h3|font_size:35|text_align:left|color:%23444444&Prime; use_theme_fonts=\u00a0\u00bbyes\u00a0\u00bb css=\u00a0\u00bb.vc_custom_1618324949827{padding-top: 50px !important;}\u00a0\u00bb][vc_empty_space height=\u00a0\u00bb15px\u00a0\u00bb][vc_column_text css=\u00a0\u00bb.vc_custom_1620561673183{margin-bottom: 0px !important;}\u00a0\u00bb]<ul class=\"unordered-list  obra-education-69fde02920762\"><li><strong>Nombre d'infrastructures envisag\u00e9es :<\/strong> 90 000 flotteurs, 57 720 modules, 110 onduleurs, 2 postes de transformation et 2 postes de livraison.<\/li><li><strong>Nombre d'ancrages :<\/strong> 637 points d'ancrage au total, 40% sur les berges et 60% en fond de bassin.<\/li><li><strong>Puissance totale envisag\u00e9e : <\/strong>Environ 26 MWc.<\/li><li><strong>Production annuelle estim\u00e9e : <\/strong>Environ 30 500 MWh\/an.<\/li><li><strong>\u00c9quivalence : <\/strong>Consommation \u00e9lectrique annuelle d'environ 10 400 foyers, soit environ 22 880 personnes ce qui repr\u00e9sente presque 39 fois la population de Chevenon (590 ab.).<\/li><li><strong>\u00c9conomie de rejet de CO2 : <\/strong>Le parc photovolta\u00efque \u00e9vitera l\u2019\u00e9mission annuelle d\u2019un minimum de 2 100 tonnes de CO2 dans l'atmosph\u00e8re, soit 4 335 tonnes de charbon \u00e9vit\u00e9s.<\/li><li><strong>Dur\u00e9e de vie du parc<\/strong> <strong> :<\/strong> 30 ans.<\/li><\/ul>[\/vc_column_text][\/vc_column][\/vc_row][vc_row overlay_dotted=\u00a0\u00bb\u00a0\u00bb inner_row_width=\u00a0\u00bbwidth_ten\u00a0\u00bb][vc_column][vc_custom_heading text=\u00a0\u00bbPourquoi un projet solaire flottant sur la commune de Chevenon ?\u00a0\u00bb font_container=\u00a0\u00bbtag:h3|font_size:35|text_align:left|color:%23444444&Prime; use_theme_fonts=\u00a0\u00bbyes\u00a0\u00bb css=\u00a0\u00bb.vc_custom_1618324617729{padding-top: 50px !important;}\u00a0\u00bb][vc_empty_space height=\u00a0\u00bb15px\u00a0\u00bb][vc_column_text css=\u00a0\u00bb.vc_custom_1618324588397{margin-bottom: 0px !important;}\u00a0\u00bb]<strong>Le choix du site pour le d\u00e9veloppement d\u2019un projet de parc solaire est le fruit d\u2019une analyse multicrit\u00e8res<\/strong> \u00e0 l\u2019\u00e9chelle du d\u00e9partement. Ainsi, la zone d\u2019\u00e9tude a \u00e9t\u00e9 identifi\u00e9es comme propices au d\u00e9veloppement d\u2019un projet solaire selon diff\u00e9rents crit\u00e8res :[\/vc_column_text][vc_column_text css=\u00a0\u00bb.vc_custom_1621500620989{margin-bottom: 0px !important;}\u00a0\u00bb]<ul class=\"unordered-list  obra-education-69fde0292079a\"><li><strong>Zone d\u00e9grad\u00e9e (ancienne carri\u00e8re) sans conflit d\u2019usage<\/strong><\/li><li><strong>Aucun potentiel agricole ni forestier<\/strong><\/li><li><strong>Aucun potentiel de loisirs ni \u00e9conomique<\/strong><\/li><li><strong>Bon ensoleillement, apport d\u2019\u00e9nergie verte<\/strong><\/li><li><strong>Mise en eau r\u00e9cente des lacs<\/strong><\/li><li><strong>Volont\u00e9 nationale, r\u00e9gionale, d\u00e9partementale et communale<\/strong><\/li><li><strong>V\u00e9ritable projet novateur<\/strong><\/li><\/ul>[\/vc_column_text][\/vc_column][\/vc_row][vc_row overlay_dotted=\u00a0\u00bb\u00a0\u00bb inner_row_width=\u00a0\u00bbwidth_ten\u00a0\u00bb][vc_column][vc_custom_heading text=\u00a0\u00bbQuels seront les B\u00e9n\u00e9fices du projet pour la collectivit\u00e9?\u00a0\u00bb font_container=\u00a0\u00bbtag:h3|font_size:35|text_align:left|color:%23444444&Prime; use_theme_fonts=\u00a0\u00bbyes\u00a0\u00bb css=\u00a0\u00bb.vc_custom_1547038925984{padding-top: 50px !important;}\u00a0\u00bb][vc_empty_space height=\u00a0\u00bb15px\u00a0\u00bb][vc_column_text css=\u00a0\u00bb.vc_custom_1621500344155{margin-bottom: 0px !important;}\u00a0\u00bb]Un parc solaire b\u00e9n\u00e9ficie au territoire sur lequel il est implant\u00e9. Il g\u00e9n\u00e8re des nombreuses retomb\u00e9es \u00e9conomiques tr\u00e8s diverses, directement ou non.<\/p>\n<p>Tout d\u2019abord, les champs solaires sont soumis \u00e0 la m\u00eame fiscalit\u00e9 que n\u2019importe quelle entreprise et g\u00e9n\u00e8rent donc des retomb\u00e9es \u00e9conomiques pour la commune, l\u2019intercommunalit\u00e9, le d\u00e9partement et m\u00eame la r\u00e9gion. La fiscalit\u00e9 locale d\u2019un champ solaire est r\u00e9partie en plusieurs taxes et impositions, que ce soit la taxe d\u2019am\u00e9nagement \u00e0 la construction de la centrale ou la taxe fonci\u00e8re. Il est aussi soumis \u00e0 une imposition particuli\u00e8re et propre \u00e0 ce type d\u2019installation, l\u2019imposition forfaitaire sur les entreprises de r\u00e9seaux (l\u2019IFER). Elle repr\u00e9sente environ 64\u00a0000 \u20ac\/an et se r\u00e9partit \u00e9quitablement entre le d\u00e9partement de la Ni\u00e8vre et la Communaut\u00e9 de Communes Loire et Allier.<\/p>\n<p>Mais les retomb\u00e9es d\u2019une telle installation ne s\u2019arr\u00eatent pas \u00e0 la fiscalit\u00e9 locale, elles sont aussi b\u00e9n\u00e9fiques pour les entreprises locales consult\u00e9es et recrut\u00e9es pour la phase de construction. El\u00e9ments tente de maximiser son impact local en travaillant avec des entreprises au minima r\u00e9gionales pour la construction du projet. \u00c9galement, la phase d\u2019exploitation du projet photovolta\u00efque g\u00e9n\u00e9rera des emplois de techniciens de maintenance et d\u2019ing\u00e9nieurs d\u2019exploitation.[\/vc_column_text][\/vc_column][\/vc_row][vc_row overlay_dotted=\u00a0\u00bb\u00a0\u00bb inner_row_width=\u00a0\u00bbwidth_ten\u00a0\u00bb][vc_column][vc_custom_heading text=\u00a0\u00bbD\u00e9roul\u00e9 de la construction et de l\u2019exploitation :\u00a0\u00bb font_container=\u00a0\u00bbtag:h3|font_size:35|text_align:left|color:%23444444&Prime; use_theme_fonts=\u00a0\u00bbyes\u00a0\u00bb css=\u00a0\u00bb.vc_custom_1621500369983{padding-top: 50px !important;}\u00a0\u00bb][vc_empty_space height=\u00a0\u00bb15px\u00a0\u00bb][vc_column_text css=\u00a0\u00bb.vc_custom_1621500957275{margin-bottom: 0px !important;}\u00a0\u00bb]Suite \u00e0 l\u2019obtention du permis de construire et du tarif de rachat de l\u2019\u00e9lectricit\u00e9, la construction de la centrale pourra d\u00e9buter. Elle se d\u00e9roulera en deux phases\u00a0: PHASE 1 (2022), PHASE 2 (2024). \u00c9L\u00c9MENTS souhaite profiter de chaque opportunit\u00e9 pour valoriser socialement le processus de d\u00e9veloppement et de construction du projet men\u00e9. Dans ce cadre, les entreprises sollicit\u00e9es pour les travaux seront autant que possible des entreprises locales et fran\u00e7aises. Sur le site, entre une cinquantaine de personnes travailleront sur le chantier tout au long de la phase de construction.<\/p>\n<p>La dur\u00e9e totale du chantier est d\u2019environ 6 mois pour chacune des phases\u00a0: PHASE 1 (2022), PHASE 2 (2024).<\/p>\n<p>Diff\u00e9rentes phases sont distingu\u00e9es :<\/p>\n<ul class=\"unordered-list  obra-education-69fde029207c9\"><li><strong>Pr\u00e9paration du chantier :<\/strong> 1 MOIS<\/li><li><strong>Construction du r\u00e9seau \u00e9lectrique :<\/strong> 1 MOIS<\/li><li><strong>Assemblage, mise en place et fixation des structures flottantes :<\/strong> 2 MOIS<\/li><li><strong>Ancrage des structures flottantes :<\/strong> 1 MOIS<\/li><li><strong>Installation des postes \u00e9lectriques :<\/strong> 1 MOIS<\/li><li><strong>Remise en \u00e9tat du site apr\u00e8s construction :<\/strong> 0,5 MOIS<\/li><li><strong>Tests et mise en service :<\/strong> 1 MOIS<\/li><\/ul>\n<p>L\u2019exploitation de la centrale d\u00e9marre \u00e0 sa mise en service. La dur\u00e9e de vie des panneaux photovolta\u00efques \u00e9tant aujourd\u2019hui sup\u00e9rieure \u00e0 30 ans, cette dur\u00e9e peut \u00eatre prolong\u00e9e de plusieurs d\u00e9cennies en fonction du souhait des diff\u00e9rentes parties prenantes.<\/p>\n<p><strong>Ainsi, l\u2019exploitation du site est pr\u00e9vue pour une dur\u00e9e minimale de 30 ans.<\/strong><\/p>\n<p>L\u2019entretien d\u2019un parc photovolta\u00efque est limit\u00e9. Ainsi, les interventions sur site consistent \u00e0 de petites op\u00e9rations de maintenance et \u00e0 l\u2019entretien du parc en g\u00e9n\u00e9ral. Ces prestations sont r\u00e9alis\u00e9es par une ou des soci\u00e9t\u00e9s locales.<\/p>\n<p>L\u2019entretien des panneaux photovolta\u00efques est minimal, puisque les pluies sont r\u00e9guli\u00e8res dans la R\u00e9gion Bourgogne-France-Comt\u00e9, et l\u2019inclinaison des modules font que leurs surfaces sont r\u00e9guli\u00e8rement nettoy\u00e9es. Une v\u00e9rification r\u00e9guli\u00e8re est n\u00e9anmoins indispensable, voire une maintenance pr\u00e9ventive correspondant \u00e0 un nettoyage une fois par an.<\/p>\n<p><strong>Un contrat de maintenance sera \u00e9tabli lors de la construction et couvrira toute la dur\u00e9e de vie du parc, soit 30 ans au minimum.<\/strong>[\/vc_column_text][\/vc_column][\/vc_row]<\/p>\n","protected":false},"excerpt":{"rendered":"[vc_row overlay_dotted=\u00a0\u00bb\u00a0\u00bb inner_row_width=\u00a0\u00bbwidth_ten\u00a0\u00bb][vc_column][vc_custom_heading text=\u00a0\u00bbLe projet de parc photovolta\u00efque flottant de Chevenon\u00a0\u00bb font_container=\u00a0\u00bbtag:h3|font_size:35|text_align:left|color:%23444444&Prime; use_theme_fonts=\u00a0\u00bbyes\u00a0\u00bb css=\u00a0\u00bb.vc_custom_1617718700321{padding-top: 50px !important;}\u00a0\u00bb][vc_column_text css=\u00a0\u00bb.vc_custom_1618322659759{margin-bottom: 0px !important;}\u00a0\u00bb] En d\u00e9veloppement depuis fin 2019 par la soci\u00e9t\u00e9 El\u00e9ments, le permis de construire du projet solaire flottant de Chevenon a \u00e9t\u00e9 remis en mairie le 15 Janvier 2021. Une version compl\u00e9mentaire a \u00e9t\u00e9 d\u00e9pos\u00e9e en Mars[&#8230;]","protected":false},"author":2,"featured_media":0,"parent":0,"menu_order":0,"comment_status":"closed","ping_status":"closed","template":"","meta":{"om_disable_all_campaigns":false,"footnotes":""},"class_list":["post-29","page","type-page","status-publish","hentry"],"aioseo_notices":[],"_links":{"self":[{"href":"https:\/\/www.projetsolairedechevenon.fr\/index.php\/wp-json\/wp\/v2\/pages\/29","targetHints":{"allow":["GET"]}}],"collection":[{"href":"https:\/\/www.projetsolairedechevenon.fr\/index.php\/wp-json\/wp\/v2\/pages"}],"about":[{"href":"https:\/\/www.projetsolairedechevenon.fr\/index.php\/wp-json\/wp\/v2\/types\/page"}],"author":[{"embeddable":true,"href":"https:\/\/www.projetsolairedechevenon.fr\/index.php\/wp-json\/wp\/v2\/users\/2"}],"replies":[{"embeddable":true,"href":"https:\/\/www.projetsolairedechevenon.fr\/index.php\/wp-json\/wp\/v2\/comments?post=29"}],"version-history":[{"count":17,"href":"https:\/\/www.projetsolairedechevenon.fr\/index.php\/wp-json\/wp\/v2\/pages\/29\/revisions"}],"predecessor-version":[{"id":131,"href":"https:\/\/www.projetsolairedechevenon.fr\/index.php\/wp-json\/wp\/v2\/pages\/29\/revisions\/131"}],"wp:attachment":[{"href":"https:\/\/www.projetsolairedechevenon.fr\/index.php\/wp-json\/wp\/v2\/media?parent=29"}],"curies":[{"name":"wp","href":"https:\/\/api.w.org\/{rel}","templated":true}]}}