{"id":26,"date":"2021-05-07T14:41:00","date_gmt":"2021-05-07T12:41:00","guid":{"rendered":"https:\/\/www.projetsolairedechevenon.fr\/?page_id=26"},"modified":"2021-05-21T10:03:01","modified_gmt":"2021-05-21T08:03:01","slug":"la-societe-elements","status":"publish","type":"page","link":"https:\/\/www.projetsolairedechevenon.fr\/index.php\/la-societe-elements\/","title":{"rendered":"La soci\u00e9t\u00e9 El\u00e9ments"},"content":{"rendered":"<p>[vc_row overlay_dotted=\u00a0\u00bb\u00a0\u00bb inner_row_width=\u00a0\u00bbwidth_ten\u00a0\u00bb][vc_column][vc_custom_heading text=\u00a0\u00bbUne entreprise \u00e0 taille humaine\u00a0\u00bb font_container=\u00a0\u00bbtag:h3|font_size:35|text_align:left|color:%23444444&Prime; use_theme_fonts=\u00a0\u00bbyes\u00a0\u00bb css=\u00a0\u00bb.vc_custom_1547039382365{padding-top: 50px !important;}\u00a0\u00bb][vc_column_text css=\u00a0\u00bb.vc_custom_1617955755953{margin-bottom: 10px !important;}\u00a0\u00bb]<\/p>\n<blockquote><p>Cr\u00e9\u00e9e en 2015,\u00a0 \u00c9l\u00e9ments est une entreprise 100% fran\u00e7aise, sp\u00e9cialis\u00e9e dans la production d\u2019\u00e9lectricit\u00e9 verte : \u00e9olien terrestre, photovolta\u00efque et hydro\u00e9lectricit\u00e9, et engag\u00e9e dans une recherche d\u2019innovation permanente. Gr\u00e2ce \u00e0 notre expertise, nous sommes pr\u00e9sents \u00e0 toutes les \u00e9tapes de la vie d\u2019un projet photovolta\u00efque : du d\u00e9veloppement \u00e0 l\u2019exploitation, en passant par la construction des parcs photovolta\u00efques.<\/p><\/blockquote>\n<p>[\/vc_column_text][vc_single_image image=\u00a0\u00bb77&Prime; img_size=\u00a0\u00bbfull\u00a0\u00bb css=\u00a0\u00bb.vc_custom_1620559531158{margin-top: 20px !important;margin-bottom: 10px !important;padding-bottom: 0px !important;}\u00a0\u00bb][vc_column_text css=\u00a0\u00bb.vc_custom_1547029907027{margin-bottom: 0px !important;}\u00a0\u00bb]<em>Entreprise jeune et \u00e0 taille humaine, El\u00e9ments c\u2019est\u00a0:<\/em>[\/vc_column_text][vc_column_text css=\u00a0\u00bb.vc_custom_1621581987689{margin-bottom: 0px !important;}\u00a0\u00bb]<ul class=\"unordered-list  obra-education-69fdd44f3261a\"><li><strong><strong>Une \u00e9quipe de 50 personnes.<\/strong><\/strong><\/li><li><strong><strong>Un si\u00e8ge social \u00e0 Montpellier et 3 agences locales en France.<\/strong><\/strong><\/li><li><strong><strong>Plus de 500 MW de projets sur le territoire fran\u00e7ais (\u00e9olien, hydraulique et solaire).*<\/strong><\/strong><\/li><\/ul>[\/vc_column_text][\/vc_column][\/vc_row][vc_row overlay_dotted=\u00a0\u00bb\u00a0\u00bb inner_row_width=\u00a0\u00bbwidth_ten\u00a0\u00bb][vc_column][vc_empty_space][vc_single_image image=\u00a0\u00bb76&Prime; img_size=\u00a0\u00bbfull\u00a0\u00bb alignment=\u00a0\u00bbcenter\u00a0\u00bb][\/vc_column][\/vc_row][vc_row overlay_dotted=\u00a0\u00bb\u00a0\u00bb inner_row_width=\u00a0\u00bbwidth_ten\u00a0\u00bb][vc_column][vc_custom_heading text=\u00a0\u00bb\u00ab\u00a0 Energies Renouvelables Participatives \u00ab\u00a0\u00a0\u00bb font_container=\u00a0\u00bbtag:h3|font_size:35|text_align:left|color:%23444444&Prime; use_theme_fonts=\u00a0\u00bbyes\u00a0\u00bb css=\u00a0\u00bb.vc_custom_1619792687918{padding-top: 50px !important;}\u00a0\u00bb][vc_column_text css=\u00a0\u00bb.vc_custom_1555423002321{margin-bottom: 0px !important;}\u00a0\u00bb]<\/p>\n<blockquote><p>Le territoire et l\u2019humain sont au c\u0153ur de tous nos projets. Concr\u00e8tement, El\u00e9ments s\u2019engage dans une d\u00e9marche de concertation volontariste autour de ses projets afin qu\u2019ils r\u00e9pondent aux attentes du territoire. Ce lien fort et de long terme avec les territoires est le pilier fondamental de la soci\u00e9t\u00e9.<\/p><\/blockquote>\n<p><em>Dans l\u2019optique de cr\u00e9er de la valeur ajout\u00e9e pour l\u2019ensemble du territoire, El\u00e9ments s\u2019attache \u00e0 d\u00e9velopper des projets qui profitent au plus grand nombre (collectivit\u00e9s locales, acteurs \u00e9conomiques, associations et riverains)\u00a0:<\/em>[\/vc_column_text][vc_column_text css=\u00a0\u00bb.vc_custom_1620559436226{margin-bottom: 0px !important;}\u00a0\u00bb]<ul class=\"unordered-list  obra-education-69fdd44f3268e\"><li><strong><strong>Pour soutenir la dynamique \u00e9conomique locale, El\u00e9ments favorise autant que possible les entreprises locales, notamment pour la phase chantier.<\/strong><\/strong><\/li><li><strong><strong>Des loyers sont vers\u00e9s aux propri\u00e9taires publics et\/ou priv\u00e9s pour l\u2019implantation du parc photovolta\u00efque.<\/strong><\/strong><\/li><li><strong><strong>Des mesures d\u2019accompagnement sont associ\u00e9es \u00e0 la construction d\u2019un projet de parc photovolta\u00efque flottant, \u00e9labor\u00e9es avec les associations du territoire.<\/strong><\/strong><\/li><li><strong><strong>Des solutions sont offertes aux habitants pour b\u00e9n\u00e9ficier des retomb\u00e9es positives de l\u2019installation du parc photovolta\u00efque sur leur commune : mise en place d\u2019un tarif pr\u00e9f\u00e9rentiel pour l\u2019\u00e9lectricit\u00e9, ou encore possibilit\u00e9 d\u2019investir dans le projet.<\/strong><\/strong><\/li><\/ul>[\/vc_column_text][vc_empty_space height=\u00a0\u00bb100px\u00a0\u00bb][\/vc_column][\/vc_row][vc_row full_width=\u00a0\u00bbstretch_row\u00a0\u00bb overlay_dotted=\u00a0\u00bbtrue\u00a0\u00bb inner_row_width=\u00a0\u00bbwidth_ten\u00a0\u00bb css=\u00a0\u00bb.vc_custom_1619792787281{border-top-width: 1px !important;border-bottom-width: 0px !important;padding-top: 100px !important;padding-bottom: 72px !important;background-color: #fcfcfc !important;border-top-color: #eeeeee !important;border-top-style: solid !important;border-bottom-color: #eeeeee !important;border-bottom-style: solid !important;}\u00a0\u00bb overlay_color=\u00a0\u00bb#c1c1c1&Prime;][vc_column][vc_column_text]<\/p>\n<h2 style=\"text-align: center;\">Votre interlocuteur<\/h2>\n<p>[\/vc_column_text]<div class=\"obra-testimonials  testimonials-style-three obra-testimonial-carousel-69fdd44f326c1\">\n    \n    <div class=\"owl-carousel  \" data-loop=\"true\" data-items=\"1\" data-margin=\"30\" data-dots=\"false\" data-nav=\"false\"    data-mouse-drag=\"true\"      data-center=\"true\"> <!-- Testimonial Starts -->\n\n          <div class=\"item\">\n        <div class=\"testimonial-author\">\n          <div class=\"author-image\"><span><img decoding=\"async\" src=\"https:\/\/www.projetsolairedechevenon.fr\/wp-content\/uploads\/2021\/05\/Loan-150x150-1-111x111.jpeg\" alt=\"\"><\/span><\/div>\n          <div class=\"author-info\">\n             <p>Loann Desplanques, chef de projet photovolta\u00efque chez El\u00e9ments est en charge du d\u00e9veloppement du projet photovolta\u00efque de Chevenon. Avec son \u00e9quipe, il s\u2019occupe non seulement du volet technique et de la coordination des \u00e9tudes men\u00e9es par des bureaux ind\u00e9pendants, mais il est aussi l\u2019interlocuteur privil\u00e9gi\u00e9 des acteurs sur le territoire.<\/p>\n<h5 class=\"author-name\"><a href=\"#0\" target=\"_blank\">Loann Desplanques<\/a><\/h5><h6 class=\"author-designation\"><a href=\"#0\" target=\"_blank\">Chef de projet photovolta\u00efque<\/a><\/h6>          <\/div>\n        <\/div>\n      <\/div>\n        <\/div> <!-- Testimonial End -->\n        <\/div>\n[\/vc_column][\/vc_row]<\/p>\n","protected":false},"excerpt":{"rendered":"[vc_row overlay_dotted=\u00a0\u00bb\u00a0\u00bb inner_row_width=\u00a0\u00bbwidth_ten\u00a0\u00bb][vc_column][vc_custom_heading text=\u00a0\u00bbUne entreprise \u00e0 taille humaine\u00a0\u00bb font_container=\u00a0\u00bbtag:h3|font_size:35|text_align:left|color:%23444444&Prime; use_theme_fonts=\u00a0\u00bbyes\u00a0\u00bb css=\u00a0\u00bb.vc_custom_1547039382365{padding-top: 50px !important;}\u00a0\u00bb][vc_column_text css=\u00a0\u00bb.vc_custom_1617955755953{margin-bottom: 10px !important;}\u00a0\u00bb] Cr\u00e9\u00e9e en 2015,\u00a0 \u00c9l\u00e9ments est une entreprise 100% fran\u00e7aise, sp\u00e9cialis\u00e9e dans la production d\u2019\u00e9lectricit\u00e9 verte : \u00e9olien terrestre, photovolta\u00efque et hydro\u00e9lectricit\u00e9, et engag\u00e9e dans une recherche d\u2019innovation permanente. Gr\u00e2ce \u00e0 notre expertise, nous sommes pr\u00e9sents \u00e0 toutes les \u00e9tapes[&#8230;]","protected":false},"author":2,"featured_media":0,"parent":0,"menu_order":0,"comment_status":"closed","ping_status":"closed","template":"","meta":{"om_disable_all_campaigns":false,"footnotes":""},"class_list":["post-26","page","type-page","status-publish","hentry"],"aioseo_notices":[],"_links":{"self":[{"href":"https:\/\/www.projetsolairedechevenon.fr\/index.php\/wp-json\/wp\/v2\/pages\/26","targetHints":{"allow":["GET"]}}],"collection":[{"href":"https:\/\/www.projetsolairedechevenon.fr\/index.php\/wp-json\/wp\/v2\/pages"}],"about":[{"href":"https:\/\/www.projetsolairedechevenon.fr\/index.php\/wp-json\/wp\/v2\/types\/page"}],"author":[{"embeddable":true,"href":"https:\/\/www.projetsolairedechevenon.fr\/index.php\/wp-json\/wp\/v2\/users\/2"}],"replies":[{"embeddable":true,"href":"https:\/\/www.projetsolairedechevenon.fr\/index.php\/wp-json\/wp\/v2\/comments?post=26"}],"version-history":[{"count":15,"href":"https:\/\/www.projetsolairedechevenon.fr\/index.php\/wp-json\/wp\/v2\/pages\/26\/revisions"}],"predecessor-version":[{"id":198,"href":"https:\/\/www.projetsolairedechevenon.fr\/index.php\/wp-json\/wp\/v2\/pages\/26\/revisions\/198"}],"wp:attachment":[{"href":"https:\/\/www.projetsolairedechevenon.fr\/index.php\/wp-json\/wp\/v2\/media?parent=26"}],"curies":[{"name":"wp","href":"https:\/\/api.w.org\/{rel}","templated":true}]}}